{"id":12484,"date":"2024-08-05T20:24:31","date_gmt":"2024-08-05T20:24:31","guid":{"rendered":"https:\/\/squalls.ca\/clients\/"},"modified":"2026-05-04T21:22:56","modified_gmt":"2026-05-04T21:22:56","slug":"clients","status":"publish","type":"page","link":"https:\/\/squalls.ca\/en\/clients\/","title":{"rendered":"Clients"},"content":{"rendered":"\t\t<div data-elementor-type=\"wp-page\" data-elementor-id=\"12484\" class=\"elementor elementor-12484 elementor-181\" data-elementor-post-type=\"page\">\n\t\t\t\t<div class=\"elementor-element elementor-element-b073c8f e-flex e-con-boxed e-con e-parent\" data-id=\"b073c8f\" data-element_type=\"container\" data-e-type=\"container\" data-settings=\"{&quot;background_background&quot;:&quot;classic&quot;}\">\n\t\t\t\t\t<div class=\"e-con-inner\">\n\t\t<div class=\"elementor-element elementor-element-db23e86 e-con-full e-flex e-con e-child\" data-id=\"db23e86\" data-element_type=\"container\" data-e-type=\"container\" data-settings=\"{&quot;background_background&quot;:&quot;classic&quot;}\">\n\t\t<div class=\"elementor-element elementor-element-acf748e e-con-full e-flex e-con e-child\" data-id=\"acf748e\" data-element_type=\"container\" data-e-type=\"container\">\n\t\t\t\t<div class=\"elementor-element elementor-element-ba439e2 elementor-widget elementor-widget-heading\" data-id=\"ba439e2\" data-element_type=\"widget\" data-e-type=\"widget\" data-widget_type=\"heading.default\">\n\t\t\t\t<div class=\"elementor-widget-container\">\n\t\t\t\t\t<h2 class=\"elementor-heading-title elementor-size-default\">Clients at the heart of our approach<\/h2>\t\t\t\t<\/div>\n\t\t\t\t<\/div>\n\t\t\t\t<div class=\"elementor-element elementor-element-cf32903 elementor-widget elementor-widget-heading\" data-id=\"cf32903\" data-element_type=\"widget\" data-e-type=\"widget\" data-widget_type=\"heading.default\">\n\t\t\t\t<div class=\"elementor-widget-container\">\n\t\t\t\t\t<h2 class=\"elementor-heading-title elementor-size-default\">Because every organization has unique challenges, we adapt our approaches to meet their needs with precision and creativity. Discover the businesses and organizations that have trusted us and the results achieved together.<\/h2>\t\t\t\t<\/div>\n\t\t\t\t<\/div>\n\t\t\t\t<\/div>\n\t\t\t\t<\/div>\n\t\t<div class=\"elementor-element elementor-element-38c4b76 e-con-full e-flex e-con e-child\" data-id=\"38c4b76\" data-element_type=\"container\" data-e-type=\"container\">\n\t\t\t\t<div class=\"elementor-element elementor-element-e3e71d6 elementor-widget__width-inherit elementor-widget elementor-widget-shortcode\" data-id=\"e3e71d6\" data-element_type=\"widget\" data-e-type=\"widget\" data-widget_type=\"shortcode.default\">\n\t\t\t\t<div class=\"elementor-widget-container\">\n\t\t\t\t\t\t\t<div class=\"elementor-shortcode\"><div class=\"client-taxonomy-filters\"><div class=\"client-taxonomies\"><div class=\"custom-select-wrapper\" data-taxonomy=\"industrie\"><div class=\"custom-select\"><div class=\"select-trigger\"><span class=\"selected-option\">Industries<\/span><div class=\"arrow\">\n                <svg xmlns=\"http:\/\/www.w3.org\/2000\/svg\" width=\"12.602\" height=\"11.052\" viewBox=\"0 0 12.602 11.052\">\n                    <defs>\n                        <clipPath id=\"clip-path\">\n                            <rect width=\"11.052\" height=\"12.602\" fill=\"#54d6b7\"\/>\n                        <\/clipPath>\n                    <\/defs>\n                    <g transform=\"translate(12.603) rotate(90)\">\n                        <g transform=\"translate(0 0)\" clip-path=\"url(#clip-path)\">\n                            <path d=\"M.075,11.973a1.632,1.632,0,0,0,1.1.629,1.264,1.264,0,0,0,.639-.174L10.422,7.4a1.27,1.27,0,0,0,0-2.193L1.812.174A1.27,1.27,0,0,0,.075.629S-.094,11.8.075,11.973\" transform=\"translate(0 0)\" fill=\"#54d6b7\"\/>\n                        <\/g>\n                    <\/g>\n                <\/svg>\n            <\/div><\/div><div class=\"custom-options\"><span class=\"custom-option selected\" data-value=\"__all\">Industries<\/span><span class=\"custom-option\" data-value=\"e-commerce\">E-commerce<\/span><span class=\"custom-option\" data-value=\"commerce-de-detail\">Commerce de d\u00e9tail<\/span><span class=\"custom-option\" data-value=\"secteur-manufacturier-et-industriel\">Secteur manufacturier et industriel<\/span><span class=\"custom-option\" data-value=\"developpement-economique-et-commercial\">D\u00e9veloppement \u00e9conomique<\/span><span class=\"custom-option\" data-value=\"beaute-et-bien-etre\">Sant\u00e9, beaut\u00e9 et bien-\u00eatre<\/span><span class=\"custom-option\" data-value=\"technologie-et-edition-de-logiciels\">Technologie et \u00e9dition de logiciels<\/span><span class=\"custom-option\" data-value=\"autre\">Autre<\/span><span class=\"custom-option\" data-value=\"sante\">Sant\u00e9<\/span><span class=\"custom-option\" data-value=\"organismes-a-but-non-lucratif\">Organisation \u00e0 vocation communautaire ou soci\u00e9tale<\/span><span class=\"custom-option\" data-value=\"services-professionnels-et-de-consultation\">Services professionnels et de consultation<\/span><span class=\"custom-option\" data-value=\"commerce-en-ligne\">Commerce en ligne<\/span><\/div><\/div><\/div><div class=\"custom-select-wrapper\" data-taxonomy=\"type-dorganisation\"><div class=\"custom-select\"><div class=\"select-trigger\"><span class=\"selected-option\">Types d&#039;organisation<\/span><div class=\"arrow\">\n                <svg xmlns=\"http:\/\/www.w3.org\/2000\/svg\" width=\"12.602\" height=\"11.052\" viewBox=\"0 0 12.602 11.052\">\n                    <defs>\n                        <clipPath id=\"clip-path\">\n                            <rect width=\"11.052\" height=\"12.602\" fill=\"#54d6b7\"\/>\n                        <\/clipPath>\n                    <\/defs>\n                    <g transform=\"translate(12.603) rotate(90)\">\n                        <g transform=\"translate(0 0)\" clip-path=\"url(#clip-path)\">\n                            <path d=\"M.075,11.973a1.632,1.632,0,0,0,1.1.629,1.264,1.264,0,0,0,.639-.174L10.422,7.4a1.27,1.27,0,0,0,0-2.193L1.812.174A1.27,1.27,0,0,0,.075.629S-.094,11.8.075,11.973\" transform=\"translate(0 0)\" fill=\"#54d6b7\"\/>\n                        <\/g>\n                    <\/g>\n                <\/svg>\n            <\/div><\/div><div class=\"custom-options\"><span class=\"custom-option selected\" data-value=\"__all\">Types d&#039;organisation<\/span><span class=\"custom-option\" data-value=\"small-and-medium-sized-enterprises\">Small and medium-sized enterprises<\/span><span class=\"custom-option\" data-value=\"non-profit-organization\">Non-profit organization<\/span><span class=\"custom-option\" data-value=\"public-sector\">Public sector<\/span><span class=\"custom-option\" data-value=\"start-up-company\">Start-up company<\/span><span class=\"custom-option\" data-value=\"large-company\">Large company<\/span><\/div><\/div><\/div><div class=\"dummy-item\" style=\"visibility: hidden; width: 400px\"><\/div><\/div><\/div><\/div>\n\t\t\t\t\t\t<\/div>\n\t\t\t\t<\/div>\n\t\t\t\t<div class=\"elementor-element elementor-element-3ff4df5 client-filter-results elementor-widget elementor-widget-html\" data-id=\"3ff4df5\" data-element_type=\"widget\" data-e-type=\"widget\" data-widget_type=\"html.default\">\n\t\t\t\t<div class=\"elementor-widget-container\">\n\t\t\t\t\t<div id=\"client-loop\" class=\"client-filter-results\"><\/div>\t\t\t\t<\/div>\n\t\t\t\t<\/div>\n\t\t\t\t<\/div>\n\t\t\t\t\t<\/div>\n\t\t\t\t<\/div>\n\t\t\t\t<\/div>\n\t\t","protected":false},"excerpt":{"rendered":"<p>Clients at the heart of our approach Because every organization has unique challenges, we adapt our approaches to meet their needs with precision and creativity. Discover the businesses and organizations that have trusted us and the results achieved together.<\/p>\n","protected":false},"author":12,"featured_media":11447,"parent":0,"menu_order":9,"comment_status":"closed","ping_status":"closed","template":"","meta":{"_acf_changed":false,"footnotes":""},"class_list":["post-12484","page","type-page","status-publish","has-post-thumbnail","hentry"],"acf":[],"yoast_head":"<!-- This site is optimized with the Yoast SEO plugin v27.5 - https:\/\/yoast.com\/product\/yoast-seo-wordpress\/ -->\n<title>Our Clients: SMEs, Non-profits, Service and B2b Businesses | Squalls<\/title>\n<meta name=\"description\" content=\"Discover the businesses and organizations that have trusted us and the tangible results we achieved together. Squalls, your partner in success.\" \/>\n<meta name=\"robots\" content=\"index, follow, max-snippet:-1, max-image-preview:large, max-video-preview:-1\" \/>\n<link rel=\"canonical\" href=\"https:\/\/squalls.ca\/en\/clients\/\" \/>\n<meta property=\"og:locale\" content=\"en_US\" \/>\n<meta property=\"og:type\" content=\"article\" \/>\n<meta property=\"og:title\" content=\"Our Clients: SMEs, Non-profits, Service and B2b Businesses | Squalls\" \/>\n<meta property=\"og:description\" content=\"Discover the businesses and organizations that have trusted us and the tangible results we achieved together. Squalls, your partner in success.\" \/>\n<meta property=\"og:url\" content=\"https:\/\/squalls.ca\/en\/clients\/\" \/>\n<meta property=\"og:site_name\" content=\"Squalls\" \/>\n<meta property=\"article:publisher\" content=\"https:\/\/www.facebook.com\/squalls\" \/>\n<meta property=\"article:modified_time\" content=\"2026-05-04T21:22:56+00:00\" \/>\n<meta property=\"og:image\" content=\"https:\/\/squalls.ca\/wp-content\/uploads\/2025\/04\/Squalls_Website-Banner.jpg\" \/>\n\t<meta property=\"og:image:width\" content=\"1920\" \/>\n\t<meta property=\"og:image:height\" content=\"1080\" \/>\n\t<meta property=\"og:image:type\" content=\"image\/jpeg\" \/>\n<meta name=\"twitter:card\" content=\"summary_large_image\" \/>\n<script type=\"application\/ld+json\" class=\"yoast-schema-graph\">{\"@context\":\"https:\\\/\\\/schema.org\",\"@graph\":[{\"@type\":\"WebPage\",\"@id\":\"https:\\\/\\\/squalls.ca\\\/en\\\/clients\\\/\",\"url\":\"https:\\\/\\\/squalls.ca\\\/en\\\/clients\\\/\",\"name\":\"Our Clients: SMEs, Non-profits, Service and B2b Businesses | Squalls\",\"isPartOf\":{\"@id\":\"https:\\\/\\\/squalls.ca\\\/en\\\/#website\"},\"primaryImageOfPage\":{\"@id\":\"https:\\\/\\\/squalls.ca\\\/en\\\/clients\\\/#primaryimage\"},\"image\":{\"@id\":\"https:\\\/\\\/squalls.ca\\\/en\\\/clients\\\/#primaryimage\"},\"thumbnailUrl\":\"https:\\\/\\\/squalls.ca\\\/wp-content\\\/uploads\\\/2025\\\/04\\\/Squalls_Website-Banner.jpg\",\"datePublished\":\"2024-08-05T20:24:31+00:00\",\"dateModified\":\"2026-05-04T21:22:56+00:00\",\"description\":\"Discover the businesses and organizations that have trusted us and the tangible results we achieved together. Squalls, your partner in success.\",\"breadcrumb\":{\"@id\":\"https:\\\/\\\/squalls.ca\\\/en\\\/clients\\\/#breadcrumb\"},\"inLanguage\":\"en-US\",\"potentialAction\":[{\"@type\":\"ReadAction\",\"target\":[\"https:\\\/\\\/squalls.ca\\\/en\\\/clients\\\/\"]}]},{\"@type\":\"ImageObject\",\"inLanguage\":\"en-US\",\"@id\":\"https:\\\/\\\/squalls.ca\\\/en\\\/clients\\\/#primaryimage\",\"url\":\"https:\\\/\\\/squalls.ca\\\/wp-content\\\/uploads\\\/2025\\\/04\\\/Squalls_Website-Banner.jpg\",\"contentUrl\":\"https:\\\/\\\/squalls.ca\\\/wp-content\\\/uploads\\\/2025\\\/04\\\/Squalls_Website-Banner.jpg\",\"width\":1920,\"height\":1080},{\"@type\":\"BreadcrumbList\",\"@id\":\"https:\\\/\\\/squalls.ca\\\/en\\\/clients\\\/#breadcrumb\",\"itemListElement\":[{\"@type\":\"ListItem\",\"position\":1,\"name\":\"Accueil\",\"item\":\"https:\\\/\\\/squalls.ca\\\/en\\\/\"},{\"@type\":\"ListItem\",\"position\":2,\"name\":\"Clients\"}]},{\"@type\":\"WebSite\",\"@id\":\"https:\\\/\\\/squalls.ca\\\/en\\\/#website\",\"url\":\"https:\\\/\\\/squalls.ca\\\/en\\\/\",\"name\":\"Squalls\",\"description\":\"Marketing Agency - Strategy and Communication Experts\",\"publisher\":{\"@id\":\"https:\\\/\\\/squalls.ca\\\/en\\\/#organization\"},\"potentialAction\":[{\"@type\":\"SearchAction\",\"target\":{\"@type\":\"EntryPoint\",\"urlTemplate\":\"https:\\\/\\\/squalls.ca\\\/en\\\/?s={search_term_string}\"},\"query-input\":{\"@type\":\"PropertyValueSpecification\",\"valueRequired\":true,\"valueName\":\"search_term_string\"}}],\"inLanguage\":\"en-US\"},{\"@type\":\"Organization\",\"@id\":\"https:\\\/\\\/squalls.ca\\\/en\\\/#organization\",\"name\":\"Squalls\",\"url\":\"https:\\\/\\\/squalls.ca\\\/en\\\/\",\"logo\":{\"@type\":\"ImageObject\",\"inLanguage\":\"en-US\",\"@id\":\"https:\\\/\\\/squalls.ca\\\/en\\\/#\\\/schema\\\/logo\\\/image\\\/\",\"url\":\"https:\\\/\\\/squalls.ca\\\/wp-content\\\/uploads\\\/2024\\\/07\\\/Header_Logo-02.webp\",\"contentUrl\":\"https:\\\/\\\/squalls.ca\\\/wp-content\\\/uploads\\\/2024\\\/07\\\/Header_Logo-02.webp\",\"width\":350,\"height\":101,\"caption\":\"Squalls\"},\"image\":{\"@id\":\"https:\\\/\\\/squalls.ca\\\/en\\\/#\\\/schema\\\/logo\\\/image\\\/\"},\"sameAs\":[\"https:\\\/\\\/www.facebook.com\\\/squalls\",\"https:\\\/\\\/www.linkedin.com\\\/company\\\/squallsmarketing\\\/\"]}]}<\/script>\n<!-- \/ Yoast SEO plugin. -->","yoast_head_json":{"title":"Our Clients: SMEs, Non-profits, Service and B2b Businesses | Squalls","description":"Discover the businesses and organizations that have trusted us and the tangible results we achieved together. Squalls, your partner in success.","robots":{"index":"index","follow":"follow","max-snippet":"max-snippet:-1","max-image-preview":"max-image-preview:large","max-video-preview":"max-video-preview:-1"},"canonical":"https:\/\/squalls.ca\/en\/clients\/","og_locale":"en_US","og_type":"article","og_title":"Our Clients: SMEs, Non-profits, Service and B2b Businesses | Squalls","og_description":"Discover the businesses and organizations that have trusted us and the tangible results we achieved together. Squalls, your partner in success.","og_url":"https:\/\/squalls.ca\/en\/clients\/","og_site_name":"Squalls","article_publisher":"https:\/\/www.facebook.com\/squalls","article_modified_time":"2026-05-04T21:22:56+00:00","og_image":[{"width":1920,"height":1080,"url":"https:\/\/squalls.ca\/wp-content\/uploads\/2025\/04\/Squalls_Website-Banner.jpg","type":"image\/jpeg"}],"twitter_card":"summary_large_image","schema":{"@context":"https:\/\/schema.org","@graph":[{"@type":"WebPage","@id":"https:\/\/squalls.ca\/en\/clients\/","url":"https:\/\/squalls.ca\/en\/clients\/","name":"Our Clients: SMEs, Non-profits, Service and B2b Businesses | Squalls","isPartOf":{"@id":"https:\/\/squalls.ca\/en\/#website"},"primaryImageOfPage":{"@id":"https:\/\/squalls.ca\/en\/clients\/#primaryimage"},"image":{"@id":"https:\/\/squalls.ca\/en\/clients\/#primaryimage"},"thumbnailUrl":"https:\/\/squalls.ca\/wp-content\/uploads\/2025\/04\/Squalls_Website-Banner.jpg","datePublished":"2024-08-05T20:24:31+00:00","dateModified":"2026-05-04T21:22:56+00:00","description":"Discover the businesses and organizations that have trusted us and the tangible results we achieved together. Squalls, your partner in success.","breadcrumb":{"@id":"https:\/\/squalls.ca\/en\/clients\/#breadcrumb"},"inLanguage":"en-US","potentialAction":[{"@type":"ReadAction","target":["https:\/\/squalls.ca\/en\/clients\/"]}]},{"@type":"ImageObject","inLanguage":"en-US","@id":"https:\/\/squalls.ca\/en\/clients\/#primaryimage","url":"https:\/\/squalls.ca\/wp-content\/uploads\/2025\/04\/Squalls_Website-Banner.jpg","contentUrl":"https:\/\/squalls.ca\/wp-content\/uploads\/2025\/04\/Squalls_Website-Banner.jpg","width":1920,"height":1080},{"@type":"BreadcrumbList","@id":"https:\/\/squalls.ca\/en\/clients\/#breadcrumb","itemListElement":[{"@type":"ListItem","position":1,"name":"Accueil","item":"https:\/\/squalls.ca\/en\/"},{"@type":"ListItem","position":2,"name":"Clients"}]},{"@type":"WebSite","@id":"https:\/\/squalls.ca\/en\/#website","url":"https:\/\/squalls.ca\/en\/","name":"Squalls","description":"Marketing Agency - Strategy and Communication Experts","publisher":{"@id":"https:\/\/squalls.ca\/en\/#organization"},"potentialAction":[{"@type":"SearchAction","target":{"@type":"EntryPoint","urlTemplate":"https:\/\/squalls.ca\/en\/?s={search_term_string}"},"query-input":{"@type":"PropertyValueSpecification","valueRequired":true,"valueName":"search_term_string"}}],"inLanguage":"en-US"},{"@type":"Organization","@id":"https:\/\/squalls.ca\/en\/#organization","name":"Squalls","url":"https:\/\/squalls.ca\/en\/","logo":{"@type":"ImageObject","inLanguage":"en-US","@id":"https:\/\/squalls.ca\/en\/#\/schema\/logo\/image\/","url":"https:\/\/squalls.ca\/wp-content\/uploads\/2024\/07\/Header_Logo-02.webp","contentUrl":"https:\/\/squalls.ca\/wp-content\/uploads\/2024\/07\/Header_Logo-02.webp","width":350,"height":101,"caption":"Squalls"},"image":{"@id":"https:\/\/squalls.ca\/en\/#\/schema\/logo\/image\/"},"sameAs":["https:\/\/www.facebook.com\/squalls","https:\/\/www.linkedin.com\/company\/squallsmarketing\/"]}]}},"_links":{"self":[{"href":"https:\/\/squalls.ca\/en\/wp-json\/wp\/v2\/pages\/12484","targetHints":{"allow":["GET"]}}],"collection":[{"href":"https:\/\/squalls.ca\/en\/wp-json\/wp\/v2\/pages"}],"about":[{"href":"https:\/\/squalls.ca\/en\/wp-json\/wp\/v2\/types\/page"}],"author":[{"embeddable":true,"href":"https:\/\/squalls.ca\/en\/wp-json\/wp\/v2\/users\/12"}],"replies":[{"embeddable":true,"href":"https:\/\/squalls.ca\/en\/wp-json\/wp\/v2\/comments?post=12484"}],"version-history":[{"count":1,"href":"https:\/\/squalls.ca\/en\/wp-json\/wp\/v2\/pages\/12484\/revisions"}],"predecessor-version":[{"id":12490,"href":"https:\/\/squalls.ca\/en\/wp-json\/wp\/v2\/pages\/12484\/revisions\/12490"}],"wp:featuredmedia":[{"embeddable":true,"href":"https:\/\/squalls.ca\/en\/wp-json\/wp\/v2\/media\/11447"}],"wp:attachment":[{"href":"https:\/\/squalls.ca\/en\/wp-json\/wp\/v2\/media?parent=12484"}],"curies":[{"name":"wp","href":"https:\/\/api.w.org\/{rel}","templated":true}]}}