{"id":11449,"date":"2024-08-05T20:24:26","date_gmt":"2024-08-05T20:24:26","guid":{"rendered":"https:\/\/condescending-brahmagupta.209-46-122-140.plesk.page\/insights\/"},"modified":"2026-05-04T21:22:54","modified_gmt":"2026-05-04T21:22:54","slug":"insights","status":"publish","type":"page","link":"https:\/\/squalls.ca\/en\/insights\/","title":{"rendered":"Insights"},"content":{"rendered":"\t\t<div data-elementor-type=\"wp-page\" data-elementor-id=\"11449\" class=\"elementor elementor-11449 elementor-180\" data-elementor-post-type=\"page\">\n\t\t\t\t<div class=\"elementor-element elementor-element-5ae5ca1 e-flex e-con-boxed e-con e-parent\" data-id=\"5ae5ca1\" data-element_type=\"container\" data-e-type=\"container\" data-settings=\"{&quot;background_background&quot;:&quot;classic&quot;}\">\n\t\t\t\t\t<div class=\"e-con-inner\">\n\t\t<div class=\"elementor-element elementor-element-624c125 e-con-full e-flex e-con e-child\" data-id=\"624c125\" data-element_type=\"container\" data-e-type=\"container\" data-settings=\"{&quot;background_background&quot;:&quot;classic&quot;}\">\n\t\t<div class=\"elementor-element elementor-element-f9b353f e-con-full e-flex e-con e-child\" data-id=\"f9b353f\" data-element_type=\"container\" data-e-type=\"container\">\n\t\t\t\t<div class=\"elementor-element elementor-element-8b36aa7 elementor-widget__width-initial elementor-widget elementor-widget-heading\" data-id=\"8b36aa7\" data-element_type=\"widget\" data-e-type=\"widget\" data-widget_type=\"heading.default\">\n\t\t\t\t<div class=\"elementor-widget-container\">\n\t\t\t\t\t<h2 class=\"elementor-heading-title elementor-size-default\">Game-Changing Strategic Perspectives and Analyses<\/h2>\t\t\t\t<\/div>\n\t\t\t\t<\/div>\n\t\t\t\t<div class=\"elementor-element elementor-element-f9b54b7 elementor-widget elementor-widget-heading\" data-id=\"f9b54b7\" data-element_type=\"widget\" data-e-type=\"widget\" data-widget_type=\"heading.default\">\n\t\t\t\t<div class=\"elementor-widget-container\">\n\t\t\t\t\t<h2 class=\"elementor-heading-title elementor-size-default\">Every strategic decision deserves to be informed by rigorous thinking. Our publications, case studies, and marketing analyses reveal the approaches we deploy to understand market dynamics, rethink business models, and guide organizations effectively.<\/h2>\t\t\t\t<\/div>\n\t\t\t\t<\/div>\n\t\t\t\t<\/div>\n\t\t\t\t<\/div>\n\t\t<div class=\"elementor-element elementor-element-be1a370 e-con-full e-flex e-con e-child\" data-id=\"be1a370\" data-element_type=\"container\" data-e-type=\"container\">\n\t\t\t\t<div class=\"elementor-element elementor-element-f778ef4 elementor-widget elementor-widget-shortcode\" data-id=\"f778ef4\" data-element_type=\"widget\" data-e-type=\"widget\" data-widget_type=\"shortcode.default\">\n\t\t\t\t<div class=\"elementor-widget-container\">\n\t\t\t\t\t\t\t<div class=\"elementor-shortcode\"><div class=\"article-taxonomy-filters\"><div class=\"article-search-filter\"><div class=\"search-input-wrapper\"><input type=\"text\" class=\"article-search-input\" placeholder=\"Entrez des mots-cl\u00e9s\"><div class=\"search-icon\">\n        <svg xmlns=\"http:\/\/www.w3.org\/2000\/svg\" xmlns:xlink=\"http:\/\/www.w3.org\/1999\/xlink\" width=\"\" height=\"\" viewBox=\"0 0 45 45\">\n            <defs>\n                <clipPath id=\"clip-path\">\n                <rect id=\"Rectangle_500\" data-name=\"Rectangle 500\" width=\"45.449\" height=\"45.449\" transform=\"translate(0 0)\" fill=\"none\"\/>\n                <\/clipPath>\n            <\/defs>\n            <g id=\"Groupe_1518\" data-name=\"Groupe 1518\" transform=\"translate(0 0)\">\n                <g id=\"Groupe_1518-2\" data-name=\"Groupe 1518\" clip-path=\"url(#clip-path)\">\n                <path id=\"Trac\u00e9_374\" data-name=\"Trac\u00e9 374\" d=\"M16.682,33.363A16.681,16.681,0,1,1,33.364,16.682,16.7,16.7,0,0,1,16.682,33.363M16.682,5A11.682,11.682,0,1,0,28.364,16.682,11.7,11.7,0,0,0,16.682,5\" fill=\"#15033f\"\/>\n                <path id=\"Trac\u00e9_375\" data-name=\"Trac\u00e9 375\" d=\"M42.949,45.449a2.493,2.493,0,0,1-1.768-.732L29.887,33.422a2.5,2.5,0,1,1,3.535-3.536l11.295,11.3a2.5,2.5,0,0,1-1.768,4.268\" fill=\"#54d6b7\"\/>\n                <\/g>\n            <\/g>\n            <\/svg>\n    <\/div><\/div><\/div><div class=\"article-taxonomies\"><div class=\"custom-select-wrapper\" data-taxonomy=\"industrie\"><div class=\"custom-select\"><div class=\"select-trigger\"><span class=\"selected-option\">Industries<\/span><div class=\"arrow\">\n                <svg xmlns=\"http:\/\/www.w3.org\/2000\/svg\" width=\"12.602\" height=\"11.052\" viewBox=\"0 0 12.602 11.052\">\n                    <defs>\n                        <clipPath id=\"clip-path\">\n                            <rect width=\"11.052\" height=\"12.602\" fill=\"#54d6b7\"\/>\n                        <\/clipPath>\n                    <\/defs>\n                    <g transform=\"translate(12.603) rotate(90)\">\n                        <g transform=\"translate(0 0)\" clip-path=\"url(#clip-path)\">\n                            <path d=\"M.075,11.973a1.632,1.632,0,0,0,1.1.629,1.264,1.264,0,0,0,.639-.174L10.422,7.4a1.27,1.27,0,0,0,0-2.193L1.812.174A1.27,1.27,0,0,0,.075.629S-.094,11.8.075,11.973\" transform=\"translate(0 0)\" fill=\"#54d6b7\"\/>\n                        <\/g>\n                    <\/g>\n                <\/svg>\n            <\/div><\/div><div class=\"custom-options\"><span class=\"custom-option selected\" data-value=\"__all\">Industries<\/span><span class=\"custom-option\" data-value=\"e-commerce\">E-commerce<\/span><span class=\"custom-option\" data-value=\"commerce-de-detail\">Commerce de d\u00e9tail<\/span><span class=\"custom-option\" data-value=\"secteur-manufacturier-et-industriel\">Secteur manufacturier et industriel<\/span><span class=\"custom-option\" data-value=\"developpement-economique-et-commercial\">D\u00e9veloppement \u00e9conomique<\/span><span class=\"custom-option\" data-value=\"beaute-et-bien-etre\">Sant\u00e9, beaut\u00e9 et bien-\u00eatre<\/span><span class=\"custom-option\" data-value=\"technologie-et-edition-de-logiciels\">Technologie et \u00e9dition de logiciels<\/span><span class=\"custom-option\" data-value=\"autre\">Autre<\/span><span class=\"custom-option\" data-value=\"sante\">Sant\u00e9<\/span><span class=\"custom-option\" data-value=\"organismes-a-but-non-lucratif\">Organisation \u00e0 vocation communautaire ou soci\u00e9tale<\/span><span class=\"custom-option\" data-value=\"services-professionnels-et-de-consultation\">Services professionnels et de consultation<\/span><span class=\"custom-option\" data-value=\"commerce-en-ligne\">Commerce en ligne<\/span><\/div><\/div><\/div><div class=\"custom-select-wrapper\" data-taxonomy=\"expertise\"><div class=\"custom-select\"><div class=\"select-trigger\"><span class=\"selected-option\">Expertises<\/span><div class=\"arrow\">\n                <svg xmlns=\"http:\/\/www.w3.org\/2000\/svg\" width=\"12.602\" height=\"11.052\" viewBox=\"0 0 12.602 11.052\">\n                    <defs>\n                        <clipPath id=\"clip-path\">\n                            <rect width=\"11.052\" height=\"12.602\" fill=\"#54d6b7\"\/>\n                        <\/clipPath>\n                    <\/defs>\n                    <g transform=\"translate(12.603) rotate(90)\">\n                        <g transform=\"translate(0 0)\" clip-path=\"url(#clip-path)\">\n                            <path d=\"M.075,11.973a1.632,1.632,0,0,0,1.1.629,1.264,1.264,0,0,0,.639-.174L10.422,7.4a1.27,1.27,0,0,0,0-2.193L1.812.174A1.27,1.27,0,0,0,.075.629S-.094,11.8.075,11.973\" transform=\"translate(0 0)\" fill=\"#54d6b7\"\/>\n                        <\/g>\n                    <\/g>\n                <\/svg>\n            <\/div><\/div><div class=\"custom-options\"><span class=\"custom-option selected\" data-value=\"__all\">Expertises<\/span><span class=\"custom-option\" data-value=\"pricing-strategy\">Pricing strategy<\/span><span class=\"custom-option\" data-value=\"business-and-commercial-strategy\">Business and Commercial Strategy<\/span><span class=\"custom-option\" data-value=\"marketing-research-and-insights\">Marketing Research and Insights<\/span><span class=\"custom-option\" data-value=\"strategic-support-for-executives\">Strategic support for executives<\/span><span class=\"custom-option\" data-value=\"strategic-support-for-marketing-teams\">Strategic support for marketing teams<\/span><span class=\"custom-option\" data-value=\"b2b-marketing\">B2B Marketing<\/span><span class=\"custom-option\" data-value=\"what-are-the-impacts-of-a-customer-satisfaction-survey\">What are the impacts of a customer satisfaction survey?<\/span><span class=\"custom-option\" data-value=\"strategie-marketing-et-communications\">Strat\u00e9gie marketing et communications<\/span><span class=\"custom-option\" data-value=\"strategie-daffaires-et-commerciale\">Strat\u00e9gie d\u2019affaires et commerciale<\/span><span class=\"custom-option\" data-value=\"recherche-et-insights-marketing\">Recherche et insights marketing<\/span><span class=\"custom-option\" data-value=\"strategic-support-of-non-profits\">Strategic support for non-profit organizations<\/span><span class=\"custom-option\" data-value=\"repreneuriat\">Repreneuriat<\/span><span class=\"custom-option\" data-value=\"marketing-and-communication-for-non-profit-organizations\">Marketing and communication for non-profit organizations<\/span><span class=\"custom-option\" data-value=\"impact-social-et-responsabilite-sociale-des-entreprises\">Impact social et responsabilit\u00e9 sociale des entreprises<\/span><span class=\"custom-option\" data-value=\"product-and-service-launches\">Product and service launches<\/span><span class=\"custom-option\" data-value=\"marketing-b2b\">Marketing B2B<\/span><span class=\"custom-option\" data-value=\"marketing-numerique\">Marketing num\u00e9rique<\/span><span class=\"custom-option\" data-value=\"vente-en-ligne\">Vente en ligne<\/span><span class=\"custom-option\" data-value=\"creation-et-gestion-de-marques\">Cr\u00e9ation et gestion de marques<\/span><\/div><\/div><\/div><div class=\"dummy-item\" style=\"visibility: hidden; width: 400px\"><\/div><\/div><\/div>\n<\/div>\n\t\t\t\t\t\t<\/div>\n\t\t\t\t<\/div>\n\t\t\t\t<div class=\"elementor-element elementor-element-e51ad45 client-filter-results elementor-widget elementor-widget-html\" data-id=\"e51ad45\" data-element_type=\"widget\" data-e-type=\"widget\" data-widget_type=\"html.default\">\n\t\t\t\t<div class=\"elementor-widget-container\">\n\t\t\t\t\t<div id=\"client-loop\" class=\"article-filter-results\"><\/div>\t\t\t\t<\/div>\n\t\t\t\t<\/div>\n\t\t\t\t<\/div>\n\t\t\t\t\t<\/div>\n\t\t\t\t<\/div>\n\t\t\t\t<\/div>\n\t\t","protected":false},"excerpt":{"rendered":"<p>Game-Changing Strategic Perspectives and Analyses Every strategic decision deserves to be informed by rigorous thinking. Our publications, case studies, and marketing analyses reveal the approaches we deploy to understand market dynamics, rethink business models, and guide organizations effectively.<\/p>\n","protected":false},"author":12,"featured_media":11447,"parent":0,"menu_order":14,"comment_status":"closed","ping_status":"closed","template":"","meta":{"_acf_changed":false,"footnotes":""},"class_list":["post-11449","page","type-page","status-publish","has-post-thumbnail","hentry"],"acf":[],"yoast_head":"<!-- This site is optimized with the Yoast SEO plugin v27.5 - https:\/\/yoast.com\/product\/yoast-seo-wordpress\/ -->\n<title>Case Studies, Strategic Insights, and Marketing Analyses | Squalls<\/title>\n<meta name=\"description\" content=\"Explore our publications, case studies, and marketing analyses. Squalls shares research and strategies to accelerate your growth and impact.\" \/>\n<meta name=\"robots\" content=\"index, follow, max-snippet:-1, max-image-preview:large, max-video-preview:-1\" \/>\n<link rel=\"canonical\" href=\"https:\/\/squalls.ca\/en\/insights\/\" \/>\n<meta property=\"og:locale\" content=\"en_US\" \/>\n<meta property=\"og:type\" content=\"article\" \/>\n<meta property=\"og:title\" content=\"Case Studies, Strategic Insights, and Marketing Analyses | Squalls\" \/>\n<meta property=\"og:description\" content=\"Explore our publications, case studies, and marketing analyses. Squalls shares research and strategies to accelerate your growth and impact.\" \/>\n<meta property=\"og:url\" content=\"https:\/\/squalls.ca\/en\/insights\/\" \/>\n<meta property=\"og:site_name\" content=\"Squalls\" \/>\n<meta property=\"article:publisher\" content=\"https:\/\/www.facebook.com\/squalls\" \/>\n<meta property=\"article:modified_time\" content=\"2026-05-04T21:22:54+00:00\" \/>\n<meta property=\"og:image\" content=\"https:\/\/squalls.ca\/wp-content\/uploads\/2025\/04\/Squalls_Website-Banner.jpg\" \/>\n\t<meta property=\"og:image:width\" content=\"1920\" \/>\n\t<meta property=\"og:image:height\" content=\"1080\" \/>\n\t<meta property=\"og:image:type\" content=\"image\/jpeg\" \/>\n<meta name=\"twitter:card\" content=\"summary_large_image\" \/>\n<script type=\"application\/ld+json\" class=\"yoast-schema-graph\">{\"@context\":\"https:\\\/\\\/schema.org\",\"@graph\":[{\"@type\":\"WebPage\",\"@id\":\"https:\\\/\\\/squalls.ca\\\/en\\\/insights\\\/\",\"url\":\"https:\\\/\\\/squalls.ca\\\/en\\\/insights\\\/\",\"name\":\"Case Studies, Strategic Insights, and Marketing Analyses | Squalls\",\"isPartOf\":{\"@id\":\"https:\\\/\\\/squalls.ca\\\/en\\\/#website\"},\"primaryImageOfPage\":{\"@id\":\"https:\\\/\\\/squalls.ca\\\/en\\\/insights\\\/#primaryimage\"},\"image\":{\"@id\":\"https:\\\/\\\/squalls.ca\\\/en\\\/insights\\\/#primaryimage\"},\"thumbnailUrl\":\"https:\\\/\\\/squalls.ca\\\/wp-content\\\/uploads\\\/2025\\\/04\\\/Squalls_Website-Banner.jpg\",\"datePublished\":\"2024-08-05T20:24:26+00:00\",\"dateModified\":\"2026-05-04T21:22:54+00:00\",\"description\":\"Explore our publications, case studies, and marketing analyses. Squalls shares research and strategies to accelerate your growth and impact.\",\"breadcrumb\":{\"@id\":\"https:\\\/\\\/squalls.ca\\\/en\\\/insights\\\/#breadcrumb\"},\"inLanguage\":\"en-US\",\"potentialAction\":[{\"@type\":\"ReadAction\",\"target\":[\"https:\\\/\\\/squalls.ca\\\/en\\\/insights\\\/\"]}]},{\"@type\":\"ImageObject\",\"inLanguage\":\"en-US\",\"@id\":\"https:\\\/\\\/squalls.ca\\\/en\\\/insights\\\/#primaryimage\",\"url\":\"https:\\\/\\\/squalls.ca\\\/wp-content\\\/uploads\\\/2025\\\/04\\\/Squalls_Website-Banner.jpg\",\"contentUrl\":\"https:\\\/\\\/squalls.ca\\\/wp-content\\\/uploads\\\/2025\\\/04\\\/Squalls_Website-Banner.jpg\",\"width\":1920,\"height\":1080},{\"@type\":\"BreadcrumbList\",\"@id\":\"https:\\\/\\\/squalls.ca\\\/en\\\/insights\\\/#breadcrumb\",\"itemListElement\":[{\"@type\":\"ListItem\",\"position\":1,\"name\":\"Accueil\",\"item\":\"https:\\\/\\\/squalls.ca\\\/en\\\/\"},{\"@type\":\"ListItem\",\"position\":2,\"name\":\"Insights\"}]},{\"@type\":\"WebSite\",\"@id\":\"https:\\\/\\\/squalls.ca\\\/en\\\/#website\",\"url\":\"https:\\\/\\\/squalls.ca\\\/en\\\/\",\"name\":\"Squalls\",\"description\":\"Marketing Agency - Strategy and Communication Experts\",\"publisher\":{\"@id\":\"https:\\\/\\\/squalls.ca\\\/en\\\/#organization\"},\"potentialAction\":[{\"@type\":\"SearchAction\",\"target\":{\"@type\":\"EntryPoint\",\"urlTemplate\":\"https:\\\/\\\/squalls.ca\\\/en\\\/?s={search_term_string}\"},\"query-input\":{\"@type\":\"PropertyValueSpecification\",\"valueRequired\":true,\"valueName\":\"search_term_string\"}}],\"inLanguage\":\"en-US\"},{\"@type\":\"Organization\",\"@id\":\"https:\\\/\\\/squalls.ca\\\/en\\\/#organization\",\"name\":\"Squalls\",\"url\":\"https:\\\/\\\/squalls.ca\\\/en\\\/\",\"logo\":{\"@type\":\"ImageObject\",\"inLanguage\":\"en-US\",\"@id\":\"https:\\\/\\\/squalls.ca\\\/en\\\/#\\\/schema\\\/logo\\\/image\\\/\",\"url\":\"https:\\\/\\\/squalls.ca\\\/wp-content\\\/uploads\\\/2024\\\/07\\\/Header_Logo-02.webp\",\"contentUrl\":\"https:\\\/\\\/squalls.ca\\\/wp-content\\\/uploads\\\/2024\\\/07\\\/Header_Logo-02.webp\",\"width\":350,\"height\":101,\"caption\":\"Squalls\"},\"image\":{\"@id\":\"https:\\\/\\\/squalls.ca\\\/en\\\/#\\\/schema\\\/logo\\\/image\\\/\"},\"sameAs\":[\"https:\\\/\\\/www.facebook.com\\\/squalls\",\"https:\\\/\\\/www.linkedin.com\\\/company\\\/squallsmarketing\\\/\"]}]}<\/script>\n<!-- \/ Yoast SEO plugin. -->","yoast_head_json":{"title":"Case Studies, Strategic Insights, and Marketing Analyses | Squalls","description":"Explore our publications, case studies, and marketing analyses. Squalls shares research and strategies to accelerate your growth and impact.","robots":{"index":"index","follow":"follow","max-snippet":"max-snippet:-1","max-image-preview":"max-image-preview:large","max-video-preview":"max-video-preview:-1"},"canonical":"https:\/\/squalls.ca\/en\/insights\/","og_locale":"en_US","og_type":"article","og_title":"Case Studies, Strategic Insights, and Marketing Analyses | Squalls","og_description":"Explore our publications, case studies, and marketing analyses. Squalls shares research and strategies to accelerate your growth and impact.","og_url":"https:\/\/squalls.ca\/en\/insights\/","og_site_name":"Squalls","article_publisher":"https:\/\/www.facebook.com\/squalls","article_modified_time":"2026-05-04T21:22:54+00:00","og_image":[{"width":1920,"height":1080,"url":"https:\/\/squalls.ca\/wp-content\/uploads\/2025\/04\/Squalls_Website-Banner.jpg","type":"image\/jpeg"}],"twitter_card":"summary_large_image","schema":{"@context":"https:\/\/schema.org","@graph":[{"@type":"WebPage","@id":"https:\/\/squalls.ca\/en\/insights\/","url":"https:\/\/squalls.ca\/en\/insights\/","name":"Case Studies, Strategic Insights, and Marketing Analyses | Squalls","isPartOf":{"@id":"https:\/\/squalls.ca\/en\/#website"},"primaryImageOfPage":{"@id":"https:\/\/squalls.ca\/en\/insights\/#primaryimage"},"image":{"@id":"https:\/\/squalls.ca\/en\/insights\/#primaryimage"},"thumbnailUrl":"https:\/\/squalls.ca\/wp-content\/uploads\/2025\/04\/Squalls_Website-Banner.jpg","datePublished":"2024-08-05T20:24:26+00:00","dateModified":"2026-05-04T21:22:54+00:00","description":"Explore our publications, case studies, and marketing analyses. Squalls shares research and strategies to accelerate your growth and impact.","breadcrumb":{"@id":"https:\/\/squalls.ca\/en\/insights\/#breadcrumb"},"inLanguage":"en-US","potentialAction":[{"@type":"ReadAction","target":["https:\/\/squalls.ca\/en\/insights\/"]}]},{"@type":"ImageObject","inLanguage":"en-US","@id":"https:\/\/squalls.ca\/en\/insights\/#primaryimage","url":"https:\/\/squalls.ca\/wp-content\/uploads\/2025\/04\/Squalls_Website-Banner.jpg","contentUrl":"https:\/\/squalls.ca\/wp-content\/uploads\/2025\/04\/Squalls_Website-Banner.jpg","width":1920,"height":1080},{"@type":"BreadcrumbList","@id":"https:\/\/squalls.ca\/en\/insights\/#breadcrumb","itemListElement":[{"@type":"ListItem","position":1,"name":"Accueil","item":"https:\/\/squalls.ca\/en\/"},{"@type":"ListItem","position":2,"name":"Insights"}]},{"@type":"WebSite","@id":"https:\/\/squalls.ca\/en\/#website","url":"https:\/\/squalls.ca\/en\/","name":"Squalls","description":"Marketing Agency - Strategy and Communication Experts","publisher":{"@id":"https:\/\/squalls.ca\/en\/#organization"},"potentialAction":[{"@type":"SearchAction","target":{"@type":"EntryPoint","urlTemplate":"https:\/\/squalls.ca\/en\/?s={search_term_string}"},"query-input":{"@type":"PropertyValueSpecification","valueRequired":true,"valueName":"search_term_string"}}],"inLanguage":"en-US"},{"@type":"Organization","@id":"https:\/\/squalls.ca\/en\/#organization","name":"Squalls","url":"https:\/\/squalls.ca\/en\/","logo":{"@type":"ImageObject","inLanguage":"en-US","@id":"https:\/\/squalls.ca\/en\/#\/schema\/logo\/image\/","url":"https:\/\/squalls.ca\/wp-content\/uploads\/2024\/07\/Header_Logo-02.webp","contentUrl":"https:\/\/squalls.ca\/wp-content\/uploads\/2024\/07\/Header_Logo-02.webp","width":350,"height":101,"caption":"Squalls"},"image":{"@id":"https:\/\/squalls.ca\/en\/#\/schema\/logo\/image\/"},"sameAs":["https:\/\/www.facebook.com\/squalls","https:\/\/www.linkedin.com\/company\/squallsmarketing\/"]}]}},"_links":{"self":[{"href":"https:\/\/squalls.ca\/en\/wp-json\/wp\/v2\/pages\/11449","targetHints":{"allow":["GET"]}}],"collection":[{"href":"https:\/\/squalls.ca\/en\/wp-json\/wp\/v2\/pages"}],"about":[{"href":"https:\/\/squalls.ca\/en\/wp-json\/wp\/v2\/types\/page"}],"author":[{"embeddable":true,"href":"https:\/\/squalls.ca\/en\/wp-json\/wp\/v2\/users\/12"}],"replies":[{"embeddable":true,"href":"https:\/\/squalls.ca\/en\/wp-json\/wp\/v2\/comments?post=11449"}],"version-history":[{"count":1,"href":"https:\/\/squalls.ca\/en\/wp-json\/wp\/v2\/pages\/11449\/revisions"}],"predecessor-version":[{"id":11450,"href":"https:\/\/squalls.ca\/en\/wp-json\/wp\/v2\/pages\/11449\/revisions\/11450"}],"wp:featuredmedia":[{"embeddable":true,"href":"https:\/\/squalls.ca\/en\/wp-json\/wp\/v2\/media\/11447"}],"wp:attachment":[{"href":"https:\/\/squalls.ca\/en\/wp-json\/wp\/v2\/media?parent=11449"}],"curies":[{"name":"wp","href":"https:\/\/api.w.org\/{rel}","templated":true}]}}